{"id":1701,"date":"2022-12-29T09:32:57","date_gmt":"2022-12-29T09:32:57","guid":{"rendered":"https:\/\/adeyco.com\/conocenos\/"},"modified":"2024-10-23T09:42:52","modified_gmt":"2024-10-23T09:42:52","slug":"coneixnos","status":"publish","type":"page","link":"https:\/\/adeyco.com\/ca\/coneixnos\/","title":{"rendered":"Coneix-nos"},"content":{"rendered":"<div class=\"wpb-content-wrapper\"><p>[vc_row full_width=&#8221;stretch_row&#8221; css=&#8221;.vc_custom_1467708036052{background-color: #ffffff !important;}&#8221;][vc_column][vc_empty_space height=&#8221;3em&#8221;]<h1 class=\"sc_title sc_title_regular\"><\/p>\n<h2 class=\"sc_services_title sc_item_title\" style=\"text-align: center;\">M\u00e9s de 40 anys al costat dels nostres clients<\/h2>\n<p><\/h1>[vc_column_text]<\/p>\n<p style=\"text-align: center;\"><em>A Adeyco som assessors experts en les \u00e0rees fiscal, comptable, laboral i mercantil<\/em><\/p>\n<p>[\/vc_column_text][vc_separator color=&#8221;green&#8221; el_width=&#8221;20&#8243;][vc_empty_space height=&#8221;3em&#8221;][\/vc_column][\/vc_row][vc_row full_width=&#8221;stretch_row&#8221; css=&#8221;.vc_custom_1467708036052{background-color: #ffffff !important;}&#8221;][vc_column width=&#8221;1\/3&#8243;][vc_single_image image=&#8221;1461&#8243; img_size=&#8221;full&#8221; alignment=&#8221;center&#8221;][vc_column_text]<\/p>\n<h5><strong>Valors<\/strong><\/h5>\n<p style=\"text-align: justify;\">Aquesta assessoria sempre s&#8217;ha mantingut fidel als principis d&#8217;honestedat, sinceritat i transpar\u00e8ncia en el nostre treball diari, comptant aix\u00ed, amb la confian\u00e7a dels nostres clients.<\/p>\n<p>[\/vc_column_text][\/vc_column][vc_column width=&#8221;1\/3&#8243;][vc_single_image image=&#8221;1294&#8243; img_size=&#8221;full&#8221; alignment=&#8221;center&#8221;][vc_column_text]<\/p>\n<h5><strong>Missi\u00f3<\/strong><\/h5>\n<p style=\"text-align: justify;\">Per a aix\u00f2, comptem amb un equip professional, degudament preparat tem\u00e0ticament i en la pr\u00e0ctica di\u00e0ria de la seva activitat.<\/p>\n<p>[\/vc_column_text][\/vc_column][vc_column width=&#8221;1\/3&#8243;][vc_single_image image=&#8221;1558&#8243; img_size=&#8221;full&#8221; alignment=&#8221;center&#8221;][vc_column_text]<\/p>\n<h5><strong>Visi\u00f3<\/strong><\/h5>\n<p style=\"text-align: justify;\">La nostra missi\u00f3, amb \u00e0mplia visi\u00f3 de futur \u00e9s tenir la plataforma adequada, per a oferir en el sector serveis, la consultoria empresarial en el seu ampli sentit, especialment atenci\u00f3 a les PIMES, que s\u00f3n les que necessiten m\u00e9s suport.<\/p>\n<p>[\/vc_column_text][vc_empty_space height=&#8221;30px&#8221;][\/vc_column][\/vc_row][vc_row full_width=&#8221;stretch_row_content_no_spaces&#8221; gap=&#8221;5&#8243; inverse=&#8221;&#8221; css=&#8221;.vc_custom_1674460191608{background-color: #fafafa !important;}&#8221;][vc_column width=&#8221;1\/2&#8243;][vc_single_image image=&#8221;1670&#8243; img_size=&#8221;FULL&#8221;][\/vc_column][vc_column width=&#8221;1\/2&#8243; css=&#8221;.vc_custom_1673253794339{padding-right: 60px !important;padding-left: 60px !important;}&#8221;][vc_empty_space height=&#8221;35px&#8221;][vc_column_text]<\/p>\n<h2 class=\"sc_services_title sc_item_title\" style=\"text-align: center;\">Coneix la nostra hist\u00f2ria<\/h2>\n<p>[\/vc_column_text][vc_empty_space height=&#8221;20px&#8221;][vc_separator color=&#8221;green&#8221; el_width=&#8221;20&#8243;][vc_empty_space height=&#8221;20px&#8221;][vc_column_text]<\/p>\n<p style=\"text-align: justify;\">Adeyco, es va constituir en Societat An\u00f2nima l&#8217;any 1985, donant aix\u00ed continu\u00eftat a l&#8217;anterior gesti\u00f3 professional a t\u00edtol personal- del soci fundador i Professor Mercantil\u00a0Sr. Roberto Biel Rubio.<\/p>\n<p style=\"text-align: justify;\">Des d&#8217;un principi, s&#8217;ha situat en la mateixa direcci\u00f3 del centre de Barcelona, ampliant les seves instal\u00b7lacions d&#8217;una oficina, a tres despatxos units, en la mateixa finca. Paral\u00b7lelament, i donades les excel\u00b7lents relacions empresarials que existien amb Capellades \u2013en la zona de l&#8217;Anoia- es van obrir unes oficines de propietat de la societat des d&#8217;on atenem directament &#8211; amb dos experts comptables &#8211; als clients de la zona; sempre s\u00f3n el suport setmanal directe de Barcelona.<\/p>\n<p style=\"text-align: justify;\">La pol\u00edtica que ha mantingut sempre l&#8217;Assessoria, \u00e9s oferir a les noves contractacions de personal, la possibilitat de ser soci \u2013despr\u00e9s d&#8217;un per\u00edode prudencial-, participant aix\u00ed tots, en el coneixement de la marxa de la societat, de la qual som part\u00edcips.<\/p>\n<p style=\"text-align: justify;\">Aquest lliurament personalitzat cap al client, ha perm\u00e8s una expansi\u00f3 que requereix la implicaci\u00f3 directa com a empleats de 15 persones; a part de les col\u00b7laboracions externes.<\/p>\n<p>[\/vc_column_text][vc_empty_space height=&#8221;35px&#8221;][\/vc_column][\/vc_row][vc_row full_width=&#8221;stretch_row&#8221; css=&#8221;.vc_custom_1467710086948{background-color: #ffffff !important;}&#8221;][vc_column]<div id=\"sc_team_1073937829_wrap\" class=\"sc_team_wrap\"><div id=\"sc_team_1073937829\" class=\"sc_team sc_team_style_team-3  margin_top_huge margin_bottom_null aligncenter\" style=\"width:100%;\"><h2 class=\"sc_team_title sc_item_title\">El nostre equip<\/h2><div class=\"sc_team_descr sc_item_descr\">Adeyco disposa d'un equip de professionals qualificats i amb experi\u00e8ncia per a oferir qualitat i excel\u00b7l\u00e8ncia en tots els nostres serveis<\/div><div class=\"sc_columns columns_wrap\"><div class=\"column-1_5 column_padding_bottom\">\t\t\t<div id=\"sc_team_1073937829_1\"\t\t\t\tclass=\"sc_team_item sc_team_item_1 odd first\"\n\t\t\t\t>\n\t\t\t\t<div class=\"sc_team_item_avatar\"><img loading=\"lazy\" decoding=\"async\" class=\"wp-post-image\" width=\"370\" height=\"334\" alt=\"Robert Biel Pal\u00e1\" src=\"https:\/\/adeyco.com\/wp-content\/uploads\/2023\/01\/Robert-Biel-scaled-370x334.jpg\">\t\t\t\t\t<div class=\"sc_team_item_hover\">\n\t\t\t\t\t\t<div class=\"sc_team_item_socials\"><\/div>\n\t\t\t\t\t<\/div>\n\t\t\t\t<\/div>\n\t\t\t\t<div class=\"sc_team_item_info\">\n\t\t\t\t\t<h5 class=\"sc_team_item_title\"><a href=\"https:\/\/adeyco.com\/ca\/team\/robert-biel-pala-2\/\">Robert Biel Pal\u00e1<\/a><\/h5>\n\t\t\t\t\t<div class=\"sc_team_item_position\">Administrador<\/div>\n\t\t\t\t<\/div>\n\t\t\t<\/div>\n\t\t<\/div><div class=\"column-1_5 column_padding_bottom\">\t\t\t<div id=\"sc_team_1073937829_2\"\t\t\t\tclass=\"sc_team_item sc_team_item_2 even\"\n\t\t\t\t>\n\t\t\t\t<div class=\"sc_team_item_avatar\"><img loading=\"lazy\" decoding=\"async\" class=\"wp-post-image\" width=\"370\" height=\"334\" alt=\"M\u00f3nica Calment\" src=\"https:\/\/adeyco.com\/wp-content\/uploads\/2023\/01\/Monica-Calmet-1-scaled-370x334.jpg\">\t\t\t\t\t<div class=\"sc_team_item_hover\">\n\t\t\t\t\t\t<div class=\"sc_team_item_socials\"><\/div>\n\t\t\t\t\t<\/div>\n\t\t\t\t<\/div>\n\t\t\t\t<div class=\"sc_team_item_info\">\n\t\t\t\t\t<h5 class=\"sc_team_item_title\"><a href=\"http:\/\/mcalmet@adeyco.com\">M\u00f3nica Calment<\/a><\/h5>\n\t\t\t\t\t<div class=\"sc_team_item_position\">Economista<\/div>\n\t\t\t\t<\/div>\n\t\t\t<\/div>\n\t\t<\/div><div class=\"column-1_5 column_padding_bottom\">\t\t\t<div id=\"sc_team_1073937829_3\"\t\t\t\tclass=\"sc_team_item sc_team_item_3 odd\"\n\t\t\t\t>\n\t\t\t\t<div class=\"sc_team_item_avatar\"><img loading=\"lazy\" decoding=\"async\" class=\"wp-post-image\" width=\"370\" height=\"334\" alt=\"Mercedes Gim\u00e9nez\" src=\"https:\/\/adeyco.com\/wp-content\/uploads\/2023\/01\/Mercedes-Gimenez-1-scaled-370x334.jpg\">\t\t\t\t\t<div class=\"sc_team_item_hover\">\n\t\t\t\t\t\t<div class=\"sc_team_item_socials\"><\/div>\n\t\t\t\t\t<\/div>\n\t\t\t\t<\/div>\n\t\t\t\t<div class=\"sc_team_item_info\">\n\t\t\t\t\t<h5 class=\"sc_team_item_title\"><a href=\"http:\/\/mgimenez@adeyco.com\">Mercedes Gim\u00e9nez<\/a><\/h5>\n\t\t\t\t\t<div class=\"sc_team_item_position\">Economista<\/div>\n\t\t\t\t<\/div>\n\t\t\t<\/div>\n\t\t<\/div><div class=\"column-1_5 column_padding_bottom\">\t\t\t<div id=\"sc_team_1073937829_4\"\t\t\t\tclass=\"sc_team_item sc_team_item_4 even\"\n\t\t\t\t>\n\t\t\t\t<div class=\"sc_team_item_avatar\"><img loading=\"lazy\" decoding=\"async\" class=\"wp-post-image\" width=\"370\" height=\"334\" alt=\"Ana Sas\" src=\"https:\/\/adeyco.com\/wp-content\/uploads\/2023\/05\/Ana-Sas_Adeyco-scaled-370x334.jpeg\">\t\t\t\t\t<div class=\"sc_team_item_hover\">\n\t\t\t\t\t\t<div class=\"sc_team_item_socials\"><\/div>\n\t\t\t\t\t<\/div>\n\t\t\t\t<\/div>\n\t\t\t\t<div class=\"sc_team_item_info\">\n\t\t\t\t\t<h5 class=\"sc_team_item_title\"><a href=\"https:\/\/adeyco.com\/ca\/team\/ana-sas\/\">Ana Sas<\/a><\/h5>\n\t\t\t\t\t<div class=\"sc_team_item_position\">Economista<\/div>\n\t\t\t\t<\/div>\n\t\t\t<\/div>\n\t\t<\/div><div class=\"column-1_5 column_padding_bottom\">\t\t\t<div id=\"sc_team_1073937829_5\"\t\t\t\tclass=\"sc_team_item sc_team_item_5 odd\"\n\t\t\t\t>\n\t\t\t\t<div class=\"sc_team_item_avatar\"><img loading=\"lazy\" decoding=\"async\" class=\"wp-post-image\" width=\"370\" height=\"334\" alt=\"Pilar Biel\" src=\"https:\/\/adeyco.com\/wp-content\/uploads\/2023\/01\/Pilar-Biel-1-scaled-370x334.jpg\">\t\t\t\t\t<div class=\"sc_team_item_hover\">\n\t\t\t\t\t\t<div class=\"sc_team_item_socials\"><\/div>\n\t\t\t\t\t<\/div>\n\t\t\t\t<\/div>\n\t\t\t\t<div class=\"sc_team_item_info\">\n\t\t\t\t\t<h5 class=\"sc_team_item_title\"><a href=\"http:\/\/pilar@adeyco.com\">Pilar Biel<\/a><\/h5>\n\t\t\t\t\t<div class=\"sc_team_item_position\">Administraci\u00f3<\/div>\n\t\t\t\t<\/div>\n\t\t\t<\/div>\n\t\t<\/div><\/div><\/div><!-- \/.sc_team --><\/div><!-- \/.sc_team_wrap -->[vc_btn title=&#8221;Coneix el nostre equip&#8221; color=&#8221;success&#8221; size=&#8221;lg&#8221; align=&#8221;center&#8221; link=&#8221;url:https%3A%2F%2Fadeyco.com%2Fca%2Fequip%2F|title:Equip&#8221;][vc_empty_space height=&#8221;2em&#8221;][\/vc_column][\/vc_row]<\/p>\n<\/div>","protected":false},"excerpt":{"rendered":"<p>[vc_row full_width=&#8221;stretch_row&#8221; css=&#8221;.vc_custom_1467708036052{background-color: #ffffff !important;}&#8221;][vc_column][vc_empty_space height=&#8221;3em&#8221;][vc_column_text] A Adeyco som assessors experts en les \u00e0rees fiscal, comptable, laboral i mercantil [\/vc_column_text][vc_separator color=&#8221;green&#8221; el_width=&#8221;20&#8243;][vc_empty_space height=&#8221;3em&#8221;][\/vc_column][\/vc_row][vc_row full_width=&#8221;stretch_row&#8221; css=&#8221;.vc_custom_1467708036052{background-color: #ffffff !important;}&#8221;][vc_column width=&#8221;1\/3&#8243;][vc_single_image image=&#8221;1461&#8243; img_size=&#8221;full&#8221; alignment=&#8221;center&#8221;][vc_column_text] Valors Aquesta assessoria sempre s&#8217;ha mantingut fidel als principis d&#8217;honestedat, sinceritat i transpar\u00e8ncia en el nostre treball diari, comptant aix\u00ed, amb la confian\u00e7a dels [&hellip;]<\/p>\n","protected":false},"author":1,"featured_media":0,"parent":0,"menu_order":0,"comment_status":"closed","ping_status":"closed","template":"","meta":{"footnotes":""},"class_list":["post-1701","page","type-page","status-publish","hentry"],"aioseo_notices":[],"_links":{"self":[{"href":"https:\/\/adeyco.com\/ca\/wp-json\/wp\/v2\/pages\/1701","targetHints":{"allow":["GET"]}}],"collection":[{"href":"https:\/\/adeyco.com\/ca\/wp-json\/wp\/v2\/pages"}],"about":[{"href":"https:\/\/adeyco.com\/ca\/wp-json\/wp\/v2\/types\/page"}],"author":[{"embeddable":true,"href":"https:\/\/adeyco.com\/ca\/wp-json\/wp\/v2\/users\/1"}],"replies":[{"embeddable":true,"href":"https:\/\/adeyco.com\/ca\/wp-json\/wp\/v2\/comments?post=1701"}],"version-history":[{"count":9,"href":"https:\/\/adeyco.com\/ca\/wp-json\/wp\/v2\/pages\/1701\/revisions"}],"predecessor-version":[{"id":2001,"href":"https:\/\/adeyco.com\/ca\/wp-json\/wp\/v2\/pages\/1701\/revisions\/2001"}],"wp:attachment":[{"href":"https:\/\/adeyco.com\/ca\/wp-json\/wp\/v2\/media?parent=1701"}],"curies":[{"name":"wp","href":"https:\/\/api.w.org\/{rel}","templated":true}]}}