{"id":1767,"date":"2016-04-26T11:23:38","date_gmt":"2016-04-26T11:23:38","guid":{"rendered":"https:\/\/adeyco.com\/blog\/"},"modified":"2023-03-06T10:13:50","modified_gmt":"2023-03-06T10:13:50","slug":"blog","status":"publish","type":"page","link":"https:\/\/adeyco.com\/ca\/blog\/","title":{"rendered":"Blog"},"content":{"rendered":"<div class=\"wpb-content-wrapper\"><p>[vc_row][vc_column]<div id=\"sc_blogger_1500430180\" class=\"sc_blogger layout_masonry_3 template_masonry  sc_blogger_horizontal no_description\"><h2 class=\"sc_blogger_title sc_item_title\">El nostre blog<\/h2><div class=\"sc_blogger_descr sc_item_descr\">A Adeyco ens preocupem perqu\u00e8 els nostres clients estiguin informats constantment de totes les novetats comptables, fiscals, laborals o mercantils que els poden afectar en el seu negoci.<\/div><div class=\"isotope_wrap\" data-columns=\"3\">\t\t<div class=\"isotope_item isotope_item_masonry isotope_item_masonry_3 isotope_column_3 \t\t\t\t\t\">\n\t\t\t<div class=\"post_item post_item_masonry post_item_masonry_3\t\t\t\t  post_format_gallery odd\">\n\t\t\t\t\n\t\t\t\t\t\t\t\t\t<div class=\"post_featured\">\n\t\t\t\t\t\t\t<div class=\"post_thumb\" data-image=\"https:\/\/adeyco.com\/wp-content\/uploads\/2023\/02\/ADEYCO-Impuesto-ambiental-sobre-los-envases-no-reutilizables-scaled.jpg\" data-title=\"Impuesto ambiental sobre los envases de  pl\u00e1stico no reutilizable\">\n\t<a class=\"hover_icon hover_icon_link\" href=\"https:\/\/adeyco.com\/ca\/impuesto-ambiental-sobre-los-envases-de-plastico-no-reutilizable\/\"><img loading=\"lazy\" decoding=\"async\" class=\"wp-post-image\" width=\"370\" height=\"247\" alt=\"Impuesto ambiental sobre los envases de  pl\u00e1stico no reutilizable\" src=\"https:\/\/adeyco.com\/wp-content\/uploads\/2023\/02\/ADEYCO-Impuesto-ambiental-sobre-los-envases-no-reutilizables-scaled-370x247.jpg\"><\/a>\t<\/div>\n\t\t\t\t\t\t\t\t<div class=\"cat_post_info\"><span\n\t\t\t\t\t\t\t\t\tclass=\"post_categories\"><a class=\"category_link\" href=\"https:\/\/adeyco.com\/ca\/category\/facturas-ca\/\">Facturas<\/a><\/span>\n\t\t\t\t\t\t\t<\/div>\n\t\t\t\t\t\t\t\t\t\t\t<\/div>\n\t\t\t\t\t\t\t\t<div class=\"post_content isotope_item_content\">\n\t\t\t\t\t\n\t\t\t\t\t\t\t\t\t\t\t\t<h5 class=\"post_title\"><a href=\"https:\/\/adeyco.com\/ca\/impuesto-ambiental-sobre-los-envases-de-plastico-no-reutilizable\/\">Impuesto ambiental sobre los envases de  pl\u00e1stico no reutilizable<\/a><\/h5>\n\t\t\t\t\t\t\t<div class=\"post_info\">\n\t\t\t<span class=\"post_info_item post_info_posted\"> <a href=\"https:\/\/adeyco.com\/ca\/impuesto-ambiental-sobre-los-envases-de-plastico-no-reutilizable\/\" class=\"post_info_date\">13 de February de 2023<\/a><\/span>\n\t\t\t\t<span class=\"post_info_item post_info_counters\">\t<a class=\"post_counters_item post_counters_comments icon-comment-light\" title=\"Comments - 0\" href=\"https:\/\/adeyco.com\/ca\/impuesto-ambiental-sobre-los-envases-de-plastico-no-reutilizable\/#respond\"><span class=\"post_counters_number\">0<\/span> Comments<\/a>\n\t<\/span>\n\t\t<\/div>\n\t\t\t\t\t<div class=\"post_descr\">\n\t\t\t\t\t\t<p><\/p><a href=\"https:\/\/adeyco.com\/ca\/impuesto-ambiental-sobre-los-envases-de-plastico-no-reutilizable\/\" class=\"post_readmore readmore\">Leer m\u00e1s<\/a>\t\t\t\t\t<\/div>\n\n\t\t\t\t<\/div>\t\t\t\t<!-- \/.post_content -->\n\t\t\t<\/div>\t<!-- \/.post_item -->\n\t\t<\/div>\t\t\t\t\t\t<!-- \/.isotope_item -->\n\t\t\t\t<div class=\"isotope_item isotope_item_masonry isotope_item_masonry_3 isotope_column_3 \t\t\t\t\t\">\n\t\t\t<div class=\"post_item post_item_masonry post_item_masonry_3\t\t\t\t  post_format_gallery even\">\n\t\t\t\t\n\t\t\t\t\t\t\t\t\t<div class=\"post_featured\">\n\t\t\t\t\t\t\t<div class=\"post_thumb\" data-image=\"https:\/\/adeyco.com\/wp-content\/uploads\/2016\/04\/Asesoramiento-Fiscal-scaled.jpg\" data-title=\"Las facturas dirigidas a las administraciones p\u00fablicas deber\u00e1n ser electr\u00f3nicas\">\n\t<a class=\"hover_icon hover_icon_link\" href=\"https:\/\/adeyco.com\/ca\/broker-dealer-owner-indicated-in-17-million-dump-scheme\/\"><img loading=\"lazy\" decoding=\"async\" class=\"wp-post-image\" width=\"370\" height=\"247\" alt=\"Las facturas dirigidas a las administraciones p\u00fablicas deber\u00e1n ser electr\u00f3nicas\" src=\"https:\/\/adeyco.com\/wp-content\/uploads\/2016\/04\/Asesoramiento-Fiscal-scaled-370x247.jpg\"><\/a>\t<\/div>\n\t\t\t\t\t\t\t\t<div class=\"cat_post_info\"><span\n\t\t\t\t\t\t\t\t\tclass=\"post_categories\"><a class=\"category_link\" href=\"https:\/\/adeyco.com\/ca\/category\/facturas-ca\/\">Facturas<\/a><\/span>\n\t\t\t\t\t\t\t<\/div>\n\t\t\t\t\t\t\t\t\t\t\t<\/div>\n\t\t\t\t\t\t\t\t<div class=\"post_content isotope_item_content\">\n\t\t\t\t\t\n\t\t\t\t\t\t\t\t\t\t\t\t<h5 class=\"post_title\"><a href=\"https:\/\/adeyco.com\/ca\/broker-dealer-owner-indicated-in-17-million-dump-scheme\/\">Las facturas dirigidas a las administraciones p\u00fablicas deber\u00e1n ser electr\u00f3nicas<\/a><\/h5>\n\t\t\t\t\t\t\t<div class=\"post_info\">\n\t\t\t<span class=\"post_info_item post_info_posted\"> <a href=\"https:\/\/adeyco.com\/ca\/broker-dealer-owner-indicated-in-17-million-dump-scheme\/\" class=\"post_info_date\">9 de February de 2023<\/a><\/span>\n\t\t\t\t<span class=\"post_info_item post_info_counters\">\t<a class=\"post_counters_item post_counters_comments icon-comment-light\" title=\"Comments - 0\" href=\"https:\/\/adeyco.com\/ca\/broker-dealer-owner-indicated-in-17-million-dump-scheme\/#respond\"><span class=\"post_counters_number\">0<\/span> Comments<\/a>\n\t<\/span>\n\t\t<\/div>\n\t\t\t\t\t<div class=\"post_descr\">\n\t\t\t\t\t\t<p><\/p><a href=\"https:\/\/adeyco.com\/ca\/broker-dealer-owner-indicated-in-17-million-dump-scheme\/\" class=\"post_readmore readmore\">Leer m\u00e1s<\/a>\t\t\t\t\t<\/div>\n\n\t\t\t\t<\/div>\t\t\t\t<!-- \/.post_content -->\n\t\t\t<\/div>\t<!-- \/.post_item -->\n\t\t<\/div>\t\t\t\t\t\t<!-- \/.isotope_item -->\n\t\t\t\t<div class=\"isotope_item isotope_item_masonry isotope_item_masonry_3 isotope_column_3 \t\t\t\t\t\">\n\t\t\t<div class=\"post_item post_item_masonry post_item_masonry_3\t\t\t\t  post_format_gallery odd last\">\n\t\t\t\t\n\t\t\t\t\t\t\t\t\t<div class=\"post_featured\">\n\t\t\t\t\t\t\t<div class=\"post_thumb\" data-image=\"https:\/\/adeyco.com\/wp-content\/uploads\/2016\/04\/Asesoramiento-Laboral-scaled.jpg\" data-title=\"Proyecto de Ley Reforma IRPF\">\n\t<a class=\"hover_icon hover_icon_link\" href=\"https:\/\/adeyco.com\/ca\/proyecto-de-ley-reforma-irpf\/\"><img loading=\"lazy\" decoding=\"async\" class=\"wp-post-image\" width=\"370\" height=\"247\" alt=\"Proyecto de Ley Reforma IRPF\" src=\"https:\/\/adeyco.com\/wp-content\/uploads\/2016\/04\/Asesoramiento-Laboral-scaled-370x247.jpg\"><\/a>\t<\/div>\n\t\t\t\t\t\t\t\t<div class=\"cat_post_info\"><span\n\t\t\t\t\t\t\t\t\tclass=\"post_categories\"><a class=\"category_link\" href=\"https:\/\/adeyco.com\/ca\/category\/irpf-ca\/\">IRPF<\/a><\/span>\n\t\t\t\t\t\t\t<\/div>\n\t\t\t\t\t\t\t\t\t\t\t<\/div>\n\t\t\t\t\t\t\t\t<div class=\"post_content isotope_item_content\">\n\t\t\t\t\t\n\t\t\t\t\t\t\t\t\t\t\t\t<h5 class=\"post_title\"><a href=\"https:\/\/adeyco.com\/ca\/proyecto-de-ley-reforma-irpf\/\">Proyecto de Ley Reforma IRPF<\/a><\/h5>\n\t\t\t\t\t\t\t<div class=\"post_info\">\n\t\t\t<span class=\"post_info_item post_info_posted\"> <a href=\"https:\/\/adeyco.com\/ca\/proyecto-de-ley-reforma-irpf\/\" class=\"post_info_date\">17 de January de 2023<\/a><\/span>\n\t\t\t\t<span class=\"post_info_item post_info_counters\">\t<a class=\"post_counters_item post_counters_comments icon-comment-light\" title=\"Comments - 0\" href=\"https:\/\/adeyco.com\/ca\/proyecto-de-ley-reforma-irpf\/#respond\"><span class=\"post_counters_number\">0<\/span> Comments<\/a>\n\t<\/span>\n\t\t<\/div>\n\t\t\t\t\t<div class=\"post_descr\">\n\t\t\t\t\t\t<p><\/p><a href=\"https:\/\/adeyco.com\/ca\/proyecto-de-ley-reforma-irpf\/\" class=\"post_readmore readmore\">Leer m\u00e1s<\/a>\t\t\t\t\t<\/div>\n\n\t\t\t\t<\/div>\t\t\t\t<!-- \/.post_content -->\n\t\t\t<\/div>\t<!-- \/.post_item -->\n\t\t<\/div>\t\t\t\t\t\t<!-- \/.isotope_item -->\n\t\t<\/div><div class=\"sc_blogger_button sc_item_button\"><a href=\"#\" class=\"sc_button sc_button_square sc_button_style_border sc_button_size_medium\">Veure m\u00e9s noticies<\/a><\/div><\/div>[\/vc_column][\/vc_row]<\/p>\n<\/div>","protected":false},"excerpt":{"rendered":"<p>[vc_row][vc_column][\/vc_column][\/vc_row]<\/p>\n","protected":false},"author":1,"featured_media":0,"parent":0,"menu_order":0,"comment_status":"closed","ping_status":"closed","template":"","meta":{"footnotes":""},"class_list":["post-1767","page","type-page","status-publish","hentry"],"aioseo_notices":[],"_links":{"self":[{"href":"https:\/\/adeyco.com\/ca\/wp-json\/wp\/v2\/pages\/1767","targetHints":{"allow":["GET"]}}],"collection":[{"href":"https:\/\/adeyco.com\/ca\/wp-json\/wp\/v2\/pages"}],"about":[{"href":"https:\/\/adeyco.com\/ca\/wp-json\/wp\/v2\/types\/page"}],"author":[{"embeddable":true,"href":"https:\/\/adeyco.com\/ca\/wp-json\/wp\/v2\/users\/1"}],"replies":[{"embeddable":true,"href":"https:\/\/adeyco.com\/ca\/wp-json\/wp\/v2\/comments?post=1767"}],"version-history":[{"count":1,"href":"https:\/\/adeyco.com\/ca\/wp-json\/wp\/v2\/pages\/1767\/revisions"}],"predecessor-version":[{"id":1768,"href":"https:\/\/adeyco.com\/ca\/wp-json\/wp\/v2\/pages\/1767\/revisions\/1768"}],"wp:attachment":[{"href":"https:\/\/adeyco.com\/ca\/wp-json\/wp\/v2\/media?parent=1767"}],"curies":[{"name":"wp","href":"https:\/\/api.w.org\/{rel}","templated":true}]}}